{"id":1058,"date":"2026-02-26T10:32:53","date_gmt":"2026-02-26T09:32:53","guid":{"rendered":"https:\/\/angelpiqueras.com\/?post_type=product&#038;p=1058"},"modified":"2026-02-28T09:55:56","modified_gmt":"2026-02-28T08:55:56","slug":"fan-club-angel-piqueras-2026-familiar-plus-2-adultos-1-menor-de-16-anos","status":"publish","type":"product","link":"https:\/\/angelpiqueras.com\/en\/product\/fan-club-angel-piqueras-2024-familiar-plus-2-adultos-1-menor-de-16-anos\/","title":{"rendered":"WELCOME PACK FAN CLUB \u00c1ngel Piqueras 2026 &#8211; Familiar PLUS | 2 Adultos + 1 menor de 16 a\u00f1os"},"content":{"rendered":"<p><b>CONSIGUE TU PACK DE BIENVENIDA PARA APOYAR A \u00c1NGEL PIQUERAS:<\/b><\/p>\n<p>Este pack incluye:<\/p>\n<ul>\n<li>3 camisetas de algod\u00f3n, exclusivas para socios.<\/li>\n<li>3 mochilas del Fan Club exclusiva para socios.<\/li>\n<li>3 Carnets de socio personalizados.<\/li>\n<\/ul>\n<p><strong>VENTAJAS DE PERTENECER AL FAN CLUB\u00a0<\/strong><\/p>\n<ul class=\"wp-block-list\">\n<li>Compartir la pasi\u00f3n de cada gran premio.<\/li>\n<li>Acompa\u00f1ar a nuestro piloto en alguno de los premios que se disputen en Espa\u00f1a: Los socios podr\u00e1n disfrutar de entradas a un menor precio del gran premio.<\/li>\n<li>Eventos, reuniones y sorteos exclusivos para socios.<\/li>\n<\/ul>\n<p>&nbsp;<\/p>\n<ul>\n<li>Es una Pre-inscripci\u00f3n donde a partir del 5 de marzo se empezar\u00e1n a enviar los Welcome Pack por orden de pedido.<\/li>\n<li>Las inscripciones tienen validez desde que se renueva o da de alta hasta el 31 de diciembre de 2026.<\/li>\n<\/ul>\n<p>\u00a1BIENVENIDOS AL FAN CLUB DE \u00c1NGEL PIQUERAS!<\/p>","protected":false},"excerpt":{"rendered":"<p>CONSIGUE TU PACK DE BIENVENIDA PARA APOYAR A \u00c1NGEL PIQUERAS: Este pack incluye: 3 camisetas de algod\u00f3n, exclusivas para socios. 3 mochilas del Fan Club exclusiva para socios. 3 Carnets de socio personalizados. VENTAJAS DE PERTENECER AL FAN CLUB\u00a0 Compartir la pasi\u00f3n de cada gran premio. Acompa\u00f1ar a nuestro piloto en alguno de los premios [&hellip;]<\/p>","protected":false},"featured_media":1753,"comment_status":"closed","ping_status":"closed","template":"","meta":{"_acf_changed":false},"product_brand":[],"product_cat":[38],"product_tag":[],"class_list":{"0":"post-1058","1":"product","2":"type-product","3":"status-publish","4":"has-post-thumbnail","6":"product_cat-fan-club","8":"first","9":"onbackorder","10":"sale","11":"shipping-taxable","12":"purchasable","13":"product-type-composite"},"acf":[],"_links":{"self":[{"href":"https:\/\/angelpiqueras.com\/en\/wp-json\/wp\/v2\/product\/1058","targetHints":{"allow":["GET"]}}],"collection":[{"href":"https:\/\/angelpiqueras.com\/en\/wp-json\/wp\/v2\/product"}],"about":[{"href":"https:\/\/angelpiqueras.com\/en\/wp-json\/wp\/v2\/types\/product"}],"replies":[{"embeddable":true,"href":"https:\/\/angelpiqueras.com\/en\/wp-json\/wp\/v2\/comments?post=1058"}],"wp:featuredmedia":[{"embeddable":true,"href":"https:\/\/angelpiqueras.com\/en\/wp-json\/wp\/v2\/media\/1753"}],"wp:attachment":[{"href":"https:\/\/angelpiqueras.com\/en\/wp-json\/wp\/v2\/media?parent=1058"}],"wp:term":[{"taxonomy":"product_brand","embeddable":true,"href":"https:\/\/angelpiqueras.com\/en\/wp-json\/wp\/v2\/product_brand?post=1058"},{"taxonomy":"product_cat","embeddable":true,"href":"https:\/\/angelpiqueras.com\/en\/wp-json\/wp\/v2\/product_cat?post=1058"},{"taxonomy":"product_tag","embeddable":true,"href":"https:\/\/angelpiqueras.com\/en\/wp-json\/wp\/v2\/product_tag?post=1058"}],"curies":[{"name":"wp","href":"https:\/\/api.w.org\/{rel}","templated":true}]}}