{"id":1125,"date":"2025-01-30T11:14:34","date_gmt":"2025-01-30T10:14:34","guid":{"rendered":"https:\/\/angelpiqueras.com\/?page_id=1125"},"modified":"2026-02-28T09:58:50","modified_gmt":"2026-02-28T08:58:50","slug":"fan-club","status":"publish","type":"page","link":"https:\/\/angelpiqueras.com\/en\/fan-club\/","title":{"rendered":"Fan Club"},"content":{"rendered":"<div data-elementor-type=\"wp-page\" data-elementor-id=\"1125\" class=\"elementor elementor-1125\" data-elementor-post-type=\"page\">\n\t\t\t\t<div class=\"elementor-element elementor-element-489de09 e-flex e-con-boxed e-con e-parent\" data-id=\"489de09\" data-element_type=\"container\" data-settings=\"{&quot;background_background&quot;:&quot;classic&quot;}\">\n\t\t\t\t\t<div class=\"e-con-inner\">\n\t\t\t\t<div class=\"elementor-element elementor-element-ae25c2e elementor-widget elementor-widget-heading\" data-id=\"ae25c2e\" data-element_type=\"widget\" data-widget_type=\"heading.default\">\n\t\t\t\t<div class=\"elementor-widget-container\">\n\t\t\t\t\t<div class=\"elementor-heading-title elementor-size-default\">WELCOME TO<\/div>\t\t\t\t<\/div>\n\t\t\t\t<\/div>\n\t\t\t\t<div class=\"elementor-element elementor-element-979a74b elementor-widget elementor-widget-heading\" data-id=\"979a74b\" data-element_type=\"widget\" data-widget_type=\"heading.default\">\n\t\t\t\t<div class=\"elementor-widget-container\">\n\t\t\t\t\t<h1 class=\"elementor-heading-title elementor-size-default\">\u00c1ngel Piqueras Official Fan Club<\/h1>\t\t\t\t<\/div>\n\t\t\t\t<\/div>\n\t\t\t\t<div class=\"elementor-element elementor-element-25d9607 elementor-widget elementor-widget-heading\" data-id=\"25d9607\" data-element_type=\"widget\" data-widget_type=\"heading.default\">\n\t\t\t\t<div class=\"elementor-widget-container\">\n\t\t\t\t\t<div class=\"elementor-heading-title elementor-size-default\">Don't miss any curve and subscribe!<\/div>\t\t\t\t<\/div>\n\t\t\t\t<\/div>\n\t\t\t\t\t<\/div>\n\t\t\t\t<\/div>\n\t\t<div class=\"elementor-element elementor-element-b78c5a3 e-flex e-con-boxed e-con e-parent\" data-id=\"b78c5a3\" data-element_type=\"container\">\n\t\t\t\t\t<div class=\"e-con-inner\">\n\t\t\t\t<div class=\"elementor-element elementor-element-91e5eca elementor-widget elementor-widget-heading\" data-id=\"91e5eca\" data-element_type=\"widget\" data-widget_type=\"heading.default\">\n\t\t\t\t<div class=\"elementor-widget-container\">\n\t\t\t\t\t<div class=\"elementor-heading-title elementor-size-default\">Choose your subscription<\/div>\t\t\t\t<\/div>\n\t\t\t\t<\/div>\n\t\t\t\t<div class=\"elementor-element elementor-element-c12bbe6 elementor-grid-3 elementor-grid-mobile-1 elementor-product-loop-item--align-center elementor-grid-tablet-3 elementor-products-grid elementor-wc-products elementor-widget elementor-widget-woocommerce-products\" data-id=\"c12bbe6\" data-element_type=\"widget\" data-widget_type=\"woocommerce-products.default\">\n\t\t\t\t<div class=\"elementor-widget-container\">\n\t\t\t\t\t<div class=\"woocommerce columns-3\"><ul class=\"products elementor-grid columns-3\">\n<li class=\"product type-product post-1123 status-publish first onbackorder product_cat-fan-club has-post-thumbnail shipping-taxable purchasable product-type-composite\">\n\t<a href=\"https:\/\/angelpiqueras.com\/en\/product\/fan-club-angel-piqueras-2024-familiar-plus-2-adultos-1-menor-de-16-anos\/\" class=\"woocommerce-LoopProduct-link woocommerce-loop-product__link\"><img fetchpriority=\"high\" decoding=\"async\" width=\"300\" height=\"300\" src=\"https:\/\/angelpiqueras.com\/wp-content\/uploads\/2025\/01\/1-300x300.png\" class=\"attachment-woocommerce_thumbnail size-woocommerce_thumbnail\" alt=\"\" srcset=\"https:\/\/angelpiqueras.com\/wp-content\/uploads\/2025\/01\/1-300x300.png 300w, https:\/\/angelpiqueras.com\/wp-content\/uploads\/2025\/01\/1-1024x1024.png 1024w, https:\/\/angelpiqueras.com\/wp-content\/uploads\/2025\/01\/1-150x150.png 150w, https:\/\/angelpiqueras.com\/wp-content\/uploads\/2025\/01\/1-768x768.png 768w, https:\/\/angelpiqueras.com\/wp-content\/uploads\/2025\/01\/1-12x12.png 12w, https:\/\/angelpiqueras.com\/wp-content\/uploads\/2025\/01\/1-600x600.png 600w, https:\/\/angelpiqueras.com\/wp-content\/uploads\/2025\/01\/1-100x100.png 100w, https:\/\/angelpiqueras.com\/wp-content\/uploads\/2025\/01\/1.png 1080w\" sizes=\"(max-width: 300px) 100vw, 300px\" \/><h2 class=\"woocommerce-loop-product__title\">WELCOME PACK FAN CLUB \u00c1ngel Piqueras 2026 &#8211; Individual<\/h2>\n\t<span class=\"price\"><span class=\"woocommerce-Price-amount amount\"><bdi>35,00&nbsp;<span class=\"woocommerce-Price-currencySymbol\">\u20ac<\/span><\/bdi><\/span><\/span>\n<\/a><a href=\"https:\/\/angelpiqueras.com\/en\/product\/fan-club-angel-piqueras-2024-familiar-plus-2-adultos-1-menor-de-16-anos\/\" aria-describedby=\"woocommerce_loop_add_to_cart_link_describedby_1123\" data-quantity=\"1\" class=\"button product_type_composite add_to_cart_button\" data-product_id=\"1123\" data-product_sku=\"\" aria-label=\"Read more about \u201cWELCOME PACK FAN CLUB \u00c1ngel Piqueras 2026 - Individual\u201d\" rel=\"nofollow\" data-no-translation-aria-label=\"\">Select options<\/a>\t<span id=\"woocommerce_loop_add_to_cart_link_describedby_1123\" class=\"screen-reader-text\">\n\t\t\t<\/span>\n<\/li>\n<li class=\"product type-product post-1121 status-publish onbackorder product_cat-fan-club has-post-thumbnail sale shipping-taxable purchasable product-type-composite\">\n\t<a href=\"https:\/\/angelpiqueras.com\/en\/product\/fan-club-angel-piqueras-2024-familiar-plus-2-adultos-1-menor-de-16-anos\/\" class=\"woocommerce-LoopProduct-link woocommerce-loop-product__link\">\n\t<span class=\"onsale\" data-no-translation=\"\" data-trp-gettext=\"\">Sale!<\/span>\n\t<img decoding=\"async\" width=\"300\" height=\"300\" src=\"https:\/\/angelpiqueras.com\/wp-content\/uploads\/2025\/01\/2-1-300x300.png\" class=\"attachment-woocommerce_thumbnail size-woocommerce_thumbnail\" alt=\"\" srcset=\"https:\/\/angelpiqueras.com\/wp-content\/uploads\/2025\/01\/2-1-300x300.png 300w, https:\/\/angelpiqueras.com\/wp-content\/uploads\/2025\/01\/2-1-1024x1024.png 1024w, https:\/\/angelpiqueras.com\/wp-content\/uploads\/2025\/01\/2-1-150x150.png 150w, https:\/\/angelpiqueras.com\/wp-content\/uploads\/2025\/01\/2-1-768x768.png 768w, https:\/\/angelpiqueras.com\/wp-content\/uploads\/2025\/01\/2-1-12x12.png 12w, https:\/\/angelpiqueras.com\/wp-content\/uploads\/2025\/01\/2-1-600x600.png 600w, https:\/\/angelpiqueras.com\/wp-content\/uploads\/2025\/01\/2-1-100x100.png 100w, https:\/\/angelpiqueras.com\/wp-content\/uploads\/2025\/01\/2-1.png 1080w\" sizes=\"(max-width: 300px) 100vw, 300px\" \/><h2 class=\"woocommerce-loop-product__title\">WELCOME PACK FAN CLUB \u00c1ngel Piqueras 2026 &#8211; Familiar | 1 adulto + 1 menor de 16 a\u00f1os<\/h2>\n\t<span class=\"price\"><del aria-hidden=\"true\"><span class=\"woocommerce-Price-amount amount\"><bdi>70,00&nbsp;<span class=\"woocommerce-Price-currencySymbol\">\u20ac<\/span><\/bdi><\/span><\/del> <span class=\"screen-reader-text\" data-no-translation=\"\" data-trp-gettext=\"\">Original price was: 70,00&nbsp;&euro;.<\/span><ins aria-hidden=\"true\"><span class=\"woocommerce-Price-amount amount\"><bdi>60,00&nbsp;<span class=\"woocommerce-Price-currencySymbol\">\u20ac<\/span><\/bdi><\/span><\/ins><span class=\"screen-reader-text\" data-no-translation=\"\" data-trp-gettext=\"\">Current price is: 60,00&nbsp;&euro;.<\/span><\/span>\n<\/a><a href=\"https:\/\/angelpiqueras.com\/en\/product\/fan-club-angel-piqueras-2024-familiar-plus-2-adultos-1-menor-de-16-anos\/\" aria-describedby=\"woocommerce_loop_add_to_cart_link_describedby_1121\" data-quantity=\"1\" class=\"button product_type_composite add_to_cart_button\" data-product_id=\"1121\" data-product_sku=\"\" aria-label=\"Read more about \u201cWELCOME PACK FAN CLUB \u00c1ngel Piqueras 2026 - Familiar | 1 adulto + 1 menor de 16 a\u00f1os\u201d\" rel=\"nofollow\" data-no-translation-aria-label=\"\">Select options<\/a>\t<span id=\"woocommerce_loop_add_to_cart_link_describedby_1121\" class=\"screen-reader-text\">\n\t\t\t<\/span>\n<\/li>\n<li class=\"product type-product post-1058 status-publish last onbackorder product_cat-fan-club has-post-thumbnail sale shipping-taxable purchasable product-type-composite\">\n\t<a href=\"https:\/\/angelpiqueras.com\/en\/product\/fan-club-angel-piqueras-2024-familiar-plus-2-adultos-1-menor-de-16-anos\/\" class=\"woocommerce-LoopProduct-link woocommerce-loop-product__link\">\n\t<span class=\"onsale\" data-no-translation=\"\" data-trp-gettext=\"\">Sale!<\/span>\n\t<img decoding=\"async\" width=\"300\" height=\"300\" src=\"https:\/\/angelpiqueras.com\/wp-content\/uploads\/2025\/01\/3-1-300x300.png\" class=\"attachment-woocommerce_thumbnail size-woocommerce_thumbnail\" alt=\"\" srcset=\"https:\/\/angelpiqueras.com\/wp-content\/uploads\/2025\/01\/3-1-300x300.png 300w, https:\/\/angelpiqueras.com\/wp-content\/uploads\/2025\/01\/3-1-1024x1024.png 1024w, https:\/\/angelpiqueras.com\/wp-content\/uploads\/2025\/01\/3-1-150x150.png 150w, https:\/\/angelpiqueras.com\/wp-content\/uploads\/2025\/01\/3-1-768x768.png 768w, https:\/\/angelpiqueras.com\/wp-content\/uploads\/2025\/01\/3-1-12x12.png 12w, https:\/\/angelpiqueras.com\/wp-content\/uploads\/2025\/01\/3-1-600x600.png 600w, https:\/\/angelpiqueras.com\/wp-content\/uploads\/2025\/01\/3-1-100x100.png 100w, https:\/\/angelpiqueras.com\/wp-content\/uploads\/2025\/01\/3-1.png 1080w\" sizes=\"(max-width: 300px) 100vw, 300px\" \/><h2 class=\"woocommerce-loop-product__title\">WELCOME PACK FAN CLUB \u00c1ngel Piqueras 2026 &#8211; Familiar PLUS | 2 Adultos + 1 menor de 16 a\u00f1os<\/h2>\n\t<span class=\"price\"><del aria-hidden=\"true\"><span class=\"woocommerce-Price-amount amount\"><bdi>105,00&nbsp;<span class=\"woocommerce-Price-currencySymbol\">\u20ac<\/span><\/bdi><\/span><\/del> <span class=\"screen-reader-text\" data-no-translation=\"\" data-trp-gettext=\"\">Original price was: 105,00&nbsp;&euro;.<\/span><ins aria-hidden=\"true\"><span class=\"woocommerce-Price-amount amount\"><bdi>90,00&nbsp;<span class=\"woocommerce-Price-currencySymbol\">\u20ac<\/span><\/bdi><\/span><\/ins><span class=\"screen-reader-text\" data-no-translation=\"\" data-trp-gettext=\"\">Current price is: 90,00&nbsp;&euro;.<\/span><\/span>\n<\/a><a href=\"https:\/\/angelpiqueras.com\/en\/product\/fan-club-angel-piqueras-2024-familiar-plus-2-adultos-1-menor-de-16-anos\/\" aria-describedby=\"woocommerce_loop_add_to_cart_link_describedby_1058\" data-quantity=\"1\" class=\"button product_type_composite add_to_cart_button\" data-product_id=\"1058\" data-product_sku=\"\" aria-label=\"Read more about \u201cWELCOME PACK FAN CLUB \u00c1ngel Piqueras 2026 - Familiar PLUS | 2 Adultos + 1 menor de 16 a\u00f1os\u201d\" rel=\"nofollow\" data-no-translation-aria-label=\"\">Select options<\/a>\t<span id=\"woocommerce_loop_add_to_cart_link_describedby_1058\" class=\"screen-reader-text\">\n\t\t\t<\/span>\n<\/li>\n<\/ul>\n<\/div>\t\t\t\t<\/div>\n\t\t\t\t<\/div>\n\t\t\t\t\t<\/div>\n\t\t\t\t<\/div>\n\t\t<div class=\"elementor-element elementor-element-abf99da e-flex e-con-boxed e-con e-parent\" data-id=\"abf99da\" data-element_type=\"container\">\n\t\t\t\t\t<div class=\"e-con-inner\">\n\t\t<div class=\"elementor-element elementor-element-d55bce0 e-con-full e-flex e-con e-child\" data-id=\"d55bce0\" data-element_type=\"container\">\n\t\t<div class=\"elementor-element elementor-element-b79fa41 e-con-full e-flex e-con e-child\" data-id=\"b79fa41\" data-element_type=\"container\" data-settings=\"{&quot;background_background&quot;:&quot;classic&quot;}\">\n\t\t<div class=\"elementor-element elementor-element-e381090 e-grid e-con-full e-con e-child\" data-id=\"e381090\" data-element_type=\"container\">\n\t\t\t\t<\/div>\n\t\t\t\t<\/div>\n\t\t<div class=\"elementor-element elementor-element-1f5f997 e-con-full e-flex e-con e-child\" data-id=\"1f5f997\" data-element_type=\"container\" data-settings=\"{&quot;background_background&quot;:&quot;classic&quot;}\">\n\t\t\t\t<div class=\"elementor-element elementor-element-464d1b3 elementor-widget elementor-widget-heading\" data-id=\"464d1b3\" data-element_type=\"widget\" data-widget_type=\"heading.default\">\n\t\t\t\t<div class=\"elementor-widget-container\">\n\t\t\t\t\t<div class=\"elementor-heading-title elementor-size-default\">Advantages of the \u00c1ngel Piqueras Fan Club<\/div>\t\t\t\t<\/div>\n\t\t\t\t<\/div>\n\t\t\t\t<div class=\"elementor-element elementor-element-0f8f9cc elementor-widget elementor-widget-text-editor\" data-id=\"0f8f9cc\" data-element_type=\"widget\" data-widget_type=\"text-editor.default\">\n\t\t\t\t<div class=\"elementor-widget-container\">\n\t\t\t\t\t\t\t\t\t<ul><li>Gradas oficiales con descuentos socios (Valencia: verde superior, sector 27 y 28)<\/li><li>Exclusive events<\/li><li>Raffle gifts<\/li><li>\u00c1ngel Piqueras official merchandising<\/li><\/ul>\t\t\t\t\t\t\t\t<\/div>\n\t\t\t\t<\/div>\n\t\t\t\t<\/div>\n\t\t\t\t<\/div>\n\t\t\t\t\t<\/div>\n\t\t\t\t<\/div>\n\t\t<div class=\"elementor-element elementor-element-6432b8b e-flex e-con-boxed e-con e-parent\" data-id=\"6432b8b\" data-element_type=\"container\">\n\t\t\t\t\t<div class=\"e-con-inner\">\n\t\t\t\t<div class=\"elementor-element elementor-element-199d635 elementor-widget elementor-widget-heading\" data-id=\"199d635\" data-element_type=\"widget\" data-widget_type=\"heading.default\">\n\t\t\t\t<div class=\"elementor-widget-container\">\n\t\t\t\t\t<div class=\"elementor-heading-title elementor-size-default\">\"Thank you for being part of this exciting journey and supporting me around every bend - your commitment drives me to reach new goals!\"<\/div>\t\t\t\t<\/div>\n\t\t\t\t<\/div>\n\t\t\t\t<div class=\"elementor-element elementor-element-d702785 elementor-widget elementor-widget-heading\" data-id=\"d702785\" data-element_type=\"widget\" data-widget_type=\"heading.default\">\n\t\t\t\t<div class=\"elementor-widget-container\">\n\t\t\t\t\t<div class=\"elementor-heading-title elementor-size-default\">\u00c1NGEL PIQUERAS<\/div>\t\t\t\t<\/div>\n\t\t\t\t<\/div>\n\t\t\t\t\t<\/div>\n\t\t\t\t<\/div>\n\t\t<div class=\"elementor-element elementor-element-44d0510 e-flex e-con-boxed e-con e-parent\" data-id=\"44d0510\" data-element_type=\"container\" data-settings=\"{&quot;background_background&quot;:&quot;classic&quot;}\">\n\t\t\t\t\t<div class=\"e-con-inner\">\n\t\t\t\t\t<\/div>\n\t\t\t\t<\/div>\n\t\t\t\t<\/div>","protected":false},"excerpt":{"rendered":"<p>BIENVENIDO A \u00c1ngel Piqueras Oficial Fan Club \u00a1No te pierdas ninguna curva y suscr\u00edbete! Escoge tu suscripci\u00f3n Ventajas del Fan Club \u00c1ngel Piqueras Gradas oficiales con descuentos socios (Valencia: verde superior, sector 27 y 28) Eventos exclusivos Sorteos regalos Merchandising oficial \u00c1ngel Piqueras \u201cGracias por ser parte de este emocionante viaje y apoyarme en cada [&hellip;]<\/p>","protected":false},"author":1,"featured_media":0,"parent":0,"menu_order":0,"comment_status":"closed","ping_status":"closed","template":"","meta":{"_acf_changed":false,"footnotes":""},"class_list":["post-1125","page","type-page","status-publish","hentry"],"acf":[],"_links":{"self":[{"href":"https:\/\/angelpiqueras.com\/en\/wp-json\/wp\/v2\/pages\/1125","targetHints":{"allow":["GET"]}}],"collection":[{"href":"https:\/\/angelpiqueras.com\/en\/wp-json\/wp\/v2\/pages"}],"about":[{"href":"https:\/\/angelpiqueras.com\/en\/wp-json\/wp\/v2\/types\/page"}],"author":[{"embeddable":true,"href":"https:\/\/angelpiqueras.com\/en\/wp-json\/wp\/v2\/users\/1"}],"replies":[{"embeddable":true,"href":"https:\/\/angelpiqueras.com\/en\/wp-json\/wp\/v2\/comments?post=1125"}],"version-history":[{"count":43,"href":"https:\/\/angelpiqueras.com\/en\/wp-json\/wp\/v2\/pages\/1125\/revisions"}],"predecessor-version":[{"id":1763,"href":"https:\/\/angelpiqueras.com\/en\/wp-json\/wp\/v2\/pages\/1125\/revisions\/1763"}],"wp:attachment":[{"href":"https:\/\/angelpiqueras.com\/en\/wp-json\/wp\/v2\/media?parent=1125"}],"curies":[{"name":"wp","href":"https:\/\/api.w.org\/{rel}","templated":true}]}}